{"id":1578,"date":"2025-04-13T20:37:16","date_gmt":"2025-04-13T20:37:16","guid":{"rendered":"https:\/\/www.luciepaurova.cz\/?page_id=1578"},"modified":"2026-02-26T12:17:59","modified_gmt":"2026-02-26T12:17:59","slug":"recenze","status":"publish","type":"page","link":"https:\/\/www.luciepaurova.cz\/index.php\/recenze\/","title":{"rendered":"Recenze"},"content":{"rendered":"\t\t<div data-elementor-type=\"wp-page\" data-elementor-id=\"1578\" class=\"elementor elementor-1578\" data-elementor-post-type=\"page\">\n\t\t\t\t\t\t<section class=\"elementor-section elementor-top-section elementor-element elementor-element-2661f589 elementor-section-height-min-height elementor-section-boxed elementor-section-height-default elementor-section-items-middle\" data-id=\"2661f589\" data-element_type=\"section\" data-e-type=\"section\" data-settings=\"{&quot;background_background&quot;:&quot;classic&quot;,&quot;background_motion_fx_motion_fx_scrolling&quot;:&quot;yes&quot;,&quot;background_motion_fx_translateY_effect&quot;:&quot;yes&quot;,&quot;background_motion_fx_translateY_speed&quot;:{&quot;unit&quot;:&quot;px&quot;,&quot;size&quot;:4,&quot;sizes&quot;:[]},&quot;background_motion_fx_translateY_affectedRange&quot;:{&quot;unit&quot;:&quot;%&quot;,&quot;size&quot;:&quot;&quot;,&quot;sizes&quot;:{&quot;start&quot;:0,&quot;end&quot;:100}},&quot;background_motion_fx_devices&quot;:[&quot;desktop&quot;,&quot;tablet&quot;,&quot;mobile&quot;]}\">\n\t\t\t\t\t\t\t<div class=\"elementor-background-overlay\"><\/div>\n\t\t\t\t\t\t\t<div class=\"elementor-container elementor-column-gap-default\">\n\t\t\t\t\t<div class=\"elementor-column elementor-col-50 elementor-top-column elementor-element elementor-element-1bc21fa5\" data-id=\"1bc21fa5\" data-element_type=\"column\" data-e-type=\"column\">\n\t\t\t<div class=\"elementor-widget-wrap elementor-element-populated\">\n\t\t\t\t\t\t<div class=\"elementor-element elementor-element-4593526b de_scroll_animation_no elementor-widget elementor-widget-heading\" data-id=\"4593526b\" data-element_type=\"widget\" data-e-type=\"widget\" data-widget_type=\"heading.default\">\n\t\t\t\t<div class=\"elementor-widget-container\">\n\t\t\t\t\t<h1 class=\"elementor-heading-title elementor-size-default\">Kde m\u011b najdete<\/h1>\t\t\t\t<\/div>\n\t\t\t\t<\/div>\n\t\t\t\t<div class=\"elementor-element elementor-element-65af372a elementor-widget__width-initial de_scroll_animation_no elementor-widget elementor-widget-text-editor\" data-id=\"65af372a\" data-element_type=\"widget\" data-e-type=\"widget\" data-widget_type=\"text-editor.default\">\n\t\t\t\t<div class=\"elementor-widget-container\">\n\t\t\t\t\t\t\t\t\t<p>S klienty se potk\u00e1v\u00e1m osobn\u011b i online.<br data-start=\"929\" data-end=\"932\" \/>Vedle terapeutick\u00e9 pr\u00e1ce m\u011b m\u016f\u017eete sly\u0161et v podcastu <strong data-start=\"985\" data-end=\"1001\">V Hlav\u011b klid<\/strong>, vid\u011bt v rozhovorech a vide\u00edch nebo \u010d\u00edst na blogu, kde sd\u00edl\u00edm t\u00e9mata psychologie, t\u011bla a ka\u017edodenn\u00edho pro\u017e\u00edv\u00e1n\u00ed.<\/p>\t\t\t\t\t\t\t\t<\/div>\n\t\t\t\t<\/div>\n\t\t\t\t\t<\/div>\n\t\t<\/div>\n\t\t\t\t<div class=\"elementor-column elementor-col-50 elementor-top-column elementor-element elementor-element-b86dac7\" data-id=\"b86dac7\" data-element_type=\"column\" data-e-type=\"column\">\n\t\t\t<div class=\"elementor-widget-wrap\">\n\t\t\t\t\t\t\t<\/div>\n\t\t<\/div>\n\t\t\t\t\t<\/div>\n\t\t<\/section>\n\t\t\t\t<section class=\"elementor-section elementor-top-section elementor-element elementor-element-40946a47 elementor-section-boxed elementor-section-height-default elementor-section-height-default\" data-id=\"40946a47\" data-element_type=\"section\" data-e-type=\"section\">\n\t\t\t\t\t\t<div class=\"elementor-container elementor-column-gap-default\">\n\t\t\t\t\t<div class=\"elementor-column elementor-col-100 elementor-top-column elementor-element elementor-element-13534e0f\" data-id=\"13534e0f\" data-element_type=\"column\" data-e-type=\"column\">\n\t\t\t<div class=\"elementor-widget-wrap elementor-element-populated\">\n\t\t\t\t\t\t<section class=\"elementor-section elementor-inner-section elementor-element elementor-element-6d57649 elementor-section-boxed elementor-section-height-default elementor-section-height-default\" data-id=\"6d57649\" data-element_type=\"section\" data-e-type=\"section\">\n\t\t\t\t\t\t<div class=\"elementor-container elementor-column-gap-default\">\n\t\t\t\t\t<div class=\"elementor-column elementor-col-50 elementor-inner-column elementor-element elementor-element-e87607b\" data-id=\"e87607b\" data-element_type=\"column\" data-e-type=\"column\">\n\t\t\t<div class=\"elementor-widget-wrap elementor-element-populated\">\n\t\t\t\t\t\t<div class=\"elementor-element elementor-element-a29ea78 de_scroll_animation_no elementor-widget elementor-widget-image\" data-id=\"a29ea78\" data-element_type=\"widget\" data-e-type=\"widget\" data-widget_type=\"image.default\">\n\t\t\t\t<div class=\"elementor-widget-container\">\n\t\t\t\t\t\t\t\t\t\t\t\t\t\t\t<img fetchpriority=\"high\" decoding=\"async\" width=\"800\" height=\"705\" src=\"https:\/\/www.luciepaurova.cz\/wp-content\/uploads\/2026\/02\/Snimek-obrazovky-2026-02-26-v-12.06.52-1024x903.png\" class=\"attachment-large size-large wp-image-2176\" alt=\"\" srcset=\"https:\/\/www.luciepaurova.cz\/wp-content\/uploads\/2026\/02\/Snimek-obrazovky-2026-02-26-v-12.06.52-1024x903.png 1024w, https:\/\/www.luciepaurova.cz\/wp-content\/uploads\/2026\/02\/Snimek-obrazovky-2026-02-26-v-12.06.52-300x264.png 300w, https:\/\/www.luciepaurova.cz\/wp-content\/uploads\/2026\/02\/Snimek-obrazovky-2026-02-26-v-12.06.52-768x677.png 768w, https:\/\/www.luciepaurova.cz\/wp-content\/uploads\/2026\/02\/Snimek-obrazovky-2026-02-26-v-12.06.52-1536x1354.png 1536w, https:\/\/www.luciepaurova.cz\/wp-content\/uploads\/2026\/02\/Snimek-obrazovky-2026-02-26-v-12.06.52-2048x1805.png 2048w\" sizes=\"(max-width: 800px) 100vw, 800px\" \/>\t\t\t\t\t\t\t\t\t\t\t\t\t\t\t<\/div>\n\t\t\t\t<\/div>\n\t\t\t\t<div class=\"elementor-element elementor-element-1e0b0b1 de_scroll_animation_no elementor-widget elementor-widget-text-editor\" data-id=\"1e0b0b1\" data-element_type=\"widget\" data-e-type=\"widget\" data-widget_type=\"text-editor.default\">\n\t\t\t\t<div class=\"elementor-widget-container\">\n\t\t\t\t\t\t\t\t\t<p><a href=\"https:\/\/domaci.hn.cz\/c1-66797970-projekt-telo-s-pribehem-pomaha-zenam-po-porodu-vyrovnat-se-s-vlastnim-telem-pro-mnohe-je-zmena-sok\">DVTV<\/a> ve spolupr\u00e1ci s projektem T\u011blo s p\u0159\u00edb\u011bhem, na t\u00e9ma psychick\u00e9 pohody po porodu a fyzik\u00fdch zm\u011bn\u00e1ch.\u00a0<\/p>\t\t\t\t\t\t\t\t<\/div>\n\t\t\t\t<\/div>\n\t\t\t\t\t<\/div>\n\t\t<\/div>\n\t\t\t\t<div class=\"elementor-column elementor-col-50 elementor-inner-column elementor-element elementor-element-1e4a4443\" data-id=\"1e4a4443\" data-element_type=\"column\" data-e-type=\"column\">\n\t\t\t<div class=\"elementor-widget-wrap elementor-element-populated\">\n\t\t\t\t\t\t<div class=\"elementor-element elementor-element-67448d3 de_scroll_animation_no elementor-widget elementor-widget-image\" data-id=\"67448d3\" data-element_type=\"widget\" data-e-type=\"widget\" data-widget_type=\"image.default\">\n\t\t\t\t<div class=\"elementor-widget-container\">\n\t\t\t\t\t\t\t\t\t\t\t\t\t\t\t<img decoding=\"async\" width=\"800\" height=\"638\" src=\"https:\/\/www.luciepaurova.cz\/wp-content\/uploads\/2026\/02\/Snimek-obrazovky-2026-02-26-v-12.02.27-1024x816.png\" class=\"attachment-large size-large wp-image-2174\" alt=\"\" srcset=\"https:\/\/www.luciepaurova.cz\/wp-content\/uploads\/2026\/02\/Snimek-obrazovky-2026-02-26-v-12.02.27-1024x816.png 1024w, https:\/\/www.luciepaurova.cz\/wp-content\/uploads\/2026\/02\/Snimek-obrazovky-2026-02-26-v-12.02.27-300x239.png 300w, https:\/\/www.luciepaurova.cz\/wp-content\/uploads\/2026\/02\/Snimek-obrazovky-2026-02-26-v-12.02.27-768x612.png 768w, https:\/\/www.luciepaurova.cz\/wp-content\/uploads\/2026\/02\/Snimek-obrazovky-2026-02-26-v-12.02.27-1536x1224.png 1536w, https:\/\/www.luciepaurova.cz\/wp-content\/uploads\/2026\/02\/Snimek-obrazovky-2026-02-26-v-12.02.27-2048x1632.png 2048w\" sizes=\"(max-width: 800px) 100vw, 800px\" \/>\t\t\t\t\t\t\t\t\t\t\t\t\t\t\t<\/div>\n\t\t\t\t<\/div>\n\t\t\t\t<div class=\"elementor-element elementor-element-63a3ab27 de_scroll_animation_no elementor-widget elementor-widget-text-editor\" data-id=\"63a3ab27\" data-element_type=\"widget\" data-e-type=\"widget\" data-widget_type=\"text-editor.default\">\n\t\t\t\t<div class=\"elementor-widget-container\">\n\t\t\t\t\t\t\t\t\t<p><a href=\"https:\/\/www.ceskatelevize.cz\/porady\/1148499747-sama-doma\/220562220600128\/\">Sama doma<\/a> ve spolupr\u00e1ci s projektem T\u011blo s p\u0159\u00edb\u011bhem, na t\u00e9ma \u017dena po porodu.<\/p>\t\t\t\t\t\t\t\t<\/div>\n\t\t\t\t<\/div>\n\t\t\t\t\t<\/div>\n\t\t<\/div>\n\t\t\t\t\t<\/div>\n\t\t<\/section>\n\t\t\t\t<section class=\"elementor-section elementor-inner-section elementor-element elementor-element-16bb869 elementor-section-boxed elementor-section-height-default elementor-section-height-default\" data-id=\"16bb869\" data-element_type=\"section\" data-e-type=\"section\">\n\t\t\t\t\t\t<div class=\"elementor-container elementor-column-gap-default\">\n\t\t\t\t\t<div class=\"elementor-column elementor-col-50 elementor-inner-column elementor-element elementor-element-09b8426\" data-id=\"09b8426\" data-element_type=\"column\" data-e-type=\"column\">\n\t\t\t<div class=\"elementor-widget-wrap elementor-element-populated\">\n\t\t\t\t\t\t<div class=\"elementor-element elementor-element-a67dae7 de_scroll_animation_no elementor-widget elementor-widget-image\" data-id=\"a67dae7\" data-element_type=\"widget\" data-e-type=\"widget\" data-widget_type=\"image.default\">\n\t\t\t\t<div class=\"elementor-widget-container\">\n\t\t\t\t\t\t\t\t\t\t\t\t\t\t\t<img decoding=\"async\" width=\"717\" height=\"1024\" src=\"https:\/\/www.luciepaurova.cz\/wp-content\/uploads\/2026\/02\/Snimek-obrazovky-2026-02-26-v-12.24.18-717x1024.png\" class=\"attachment-large size-large wp-image-2177\" alt=\"\" srcset=\"https:\/\/www.luciepaurova.cz\/wp-content\/uploads\/2026\/02\/Snimek-obrazovky-2026-02-26-v-12.24.18-717x1024.png 717w, https:\/\/www.luciepaurova.cz\/wp-content\/uploads\/2026\/02\/Snimek-obrazovky-2026-02-26-v-12.24.18-210x300.png 210w, https:\/\/www.luciepaurova.cz\/wp-content\/uploads\/2026\/02\/Snimek-obrazovky-2026-02-26-v-12.24.18-768x1097.png 768w, https:\/\/www.luciepaurova.cz\/wp-content\/uploads\/2026\/02\/Snimek-obrazovky-2026-02-26-v-12.24.18-1075x1536.png 1075w, https:\/\/www.luciepaurova.cz\/wp-content\/uploads\/2026\/02\/Snimek-obrazovky-2026-02-26-v-12.24.18-1434x2048.png 1434w, https:\/\/www.luciepaurova.cz\/wp-content\/uploads\/2026\/02\/Snimek-obrazovky-2026-02-26-v-12.24.18.png 1462w\" sizes=\"(max-width: 717px) 100vw, 717px\" \/>\t\t\t\t\t\t\t\t\t\t\t\t\t\t\t<\/div>\n\t\t\t\t<\/div>\n\t\t\t\t<div class=\"elementor-element elementor-element-ed8bbf7 de_scroll_animation_no elementor-widget elementor-widget-text-editor\" data-id=\"ed8bbf7\" data-element_type=\"widget\" data-e-type=\"widget\" data-widget_type=\"text-editor.default\">\n\t\t\t\t<div class=\"elementor-widget-container\">\n\t\t\t\t\t\t\t\t\t<p>pro <a href=\"https:\/\/www.maminka.cz\/clanek\/video-maminka-roku-2021-divokou-kartu-v-kategorii-maminka-blogerka-dostala-lucie-paurova\">\u010casopis maminka<\/a> ve spolupr\u00e1ci s projektem T\u011blo s p\u0159\u00edb\u011bhem.<\/p>\t\t\t\t\t\t\t\t<\/div>\n\t\t\t\t<\/div>\n\t\t\t\t\t<\/div>\n\t\t<\/div>\n\t\t\t\t<div class=\"elementor-column elementor-col-50 elementor-inner-column elementor-element elementor-element-064360e\" data-id=\"064360e\" data-element_type=\"column\" data-e-type=\"column\">\n\t\t\t<div class=\"elementor-widget-wrap elementor-element-populated\">\n\t\t\t\t\t\t<div class=\"elementor-element elementor-element-655854c de_scroll_animation_no elementor-widget elementor-widget-image\" data-id=\"655854c\" data-element_type=\"widget\" data-e-type=\"widget\" data-widget_type=\"image.default\">\n\t\t\t\t<div class=\"elementor-widget-container\">\n\t\t\t\t\t\t\t\t\t\t\t\t\t\t\t<img loading=\"lazy\" decoding=\"async\" width=\"800\" height=\"282\" src=\"https:\/\/www.luciepaurova.cz\/wp-content\/uploads\/2026\/02\/Snimek-obrazovky-2026-02-26-v-13.13.52-1024x361.png\" class=\"attachment-large size-large wp-image-2178\" alt=\"\" srcset=\"https:\/\/www.luciepaurova.cz\/wp-content\/uploads\/2026\/02\/Snimek-obrazovky-2026-02-26-v-13.13.52-1024x361.png 1024w, https:\/\/www.luciepaurova.cz\/wp-content\/uploads\/2026\/02\/Snimek-obrazovky-2026-02-26-v-13.13.52-300x106.png 300w, https:\/\/www.luciepaurova.cz\/wp-content\/uploads\/2026\/02\/Snimek-obrazovky-2026-02-26-v-13.13.52-768x271.png 768w, https:\/\/www.luciepaurova.cz\/wp-content\/uploads\/2026\/02\/Snimek-obrazovky-2026-02-26-v-13.13.52-1536x542.png 1536w, https:\/\/www.luciepaurova.cz\/wp-content\/uploads\/2026\/02\/Snimek-obrazovky-2026-02-26-v-13.13.52-2048x722.png 2048w\" sizes=\"(max-width: 800px) 100vw, 800px\" \/>\t\t\t\t\t\t\t\t\t\t\t\t\t\t\t<\/div>\n\t\t\t\t<\/div>\n\t\t\t\t<div class=\"elementor-element elementor-element-f0c7a85 de_scroll_animation_no elementor-widget elementor-widget-text-editor\" data-id=\"f0c7a85\" data-element_type=\"widget\" data-e-type=\"widget\" data-widget_type=\"text-editor.default\">\n\t\t\t\t<div class=\"elementor-widget-container\">\n\t\t\t\t\t\t\t\t\t<p>Podcast <a href=\"https:\/\/open.spotify.com\/episode\/4SjDx7hPi6bSy8Ay5WIbNv?si=njgOJvpcS36T7uz0JW0jGQ&amp;nd=1&amp;dlsi=a7f8ba94b2c7464a\">ELLEness<\/a> ve spolupr\u00e1ci s projektem T\u011blo s p\u0159\u00edb\u011bhem, na t\u00e9ma Jak\u00fd m\u00e1te vztah ke sv\u00e9mu t\u011blu? Um\u00edte milovat nebo p\u0159ijmout sv\u00e9 nedostatky? O \u010dem je projekt T\u011blo s p\u0159\u00edb\u011bhem, jak vznikl a jak\u00fd je jeho c\u00edl n\u00e1m p\u0159i\u0161ly povypr\u00e1v\u011bt Kate\u0159ina Kopicov\u00e1 a Lucie Paurov\u00e1.<\/p>\t\t\t\t\t\t\t\t<\/div>\n\t\t\t\t<\/div>\n\t\t\t\t\t<\/div>\n\t\t<\/div>\n\t\t\t\t\t<\/div>\n\t\t<\/section>\n\t\t\t\t\t<\/div>\n\t\t<\/div>\n\t\t\t\t\t<\/div>\n\t\t<\/section>\n\t\t\t\t<section class=\"elementor-section elementor-top-section elementor-element elementor-element-129a47e3 elementor-section-boxed elementor-section-height-default elementor-section-height-default\" data-id=\"129a47e3\" data-element_type=\"section\" data-e-type=\"section\" data-settings=\"{&quot;background_background&quot;:&quot;classic&quot;}\">\n\t\t\t\t\t\t<div class=\"elementor-container elementor-column-gap-default\">\n\t\t\t\t\t<div class=\"elementor-column elementor-col-100 elementor-top-column elementor-element elementor-element-36389059\" data-id=\"36389059\" data-element_type=\"column\" data-e-type=\"column\">\n\t\t\t<div class=\"elementor-widget-wrap elementor-element-populated\">\n\t\t\t\t\t\t<div class=\"elementor-element elementor-element-5400cd4a de_scroll_animation_no elementor-widget elementor-widget-heading\" data-id=\"5400cd4a\" data-element_type=\"widget\" data-e-type=\"widget\" data-widget_type=\"heading.default\">\n\t\t\t\t<div class=\"elementor-widget-container\">\n\t\t\t\t\t<h2 class=\"elementor-heading-title elementor-size-default\">Chci si popov\u00eddat!<\/h2>\t\t\t\t<\/div>\n\t\t\t\t<\/div>\n\t\t\t\t<div class=\"elementor-element elementor-element-683f8821 de_scroll_animation_no elementor-widget elementor-widget-text-editor\" data-id=\"683f8821\" data-element_type=\"widget\" data-e-type=\"widget\" data-widget_type=\"text-editor.default\">\n\t\t\t\t<div class=\"elementor-widget-container\">\n\t\t\t\t\t\t\t\t\t<p>Mo\u017en\u00e1 jen pot\u0159ebujete zjistit, jestli je to pro v\u00e1s bezpe\u010dn\u00e9 m\u00edsto.<br data-start=\"592\" data-end=\"595\" \/>Napi\u0161te mi a m\u016f\u017eeme si nez\u00e1vazn\u011b vyjasnit, co pr\u00e1v\u011b pot\u0159ebujete.<\/p>\t\t\t\t\t\t\t\t<\/div>\n\t\t\t\t<\/div>\n\t\t\t\t<div class=\"elementor-element elementor-element-1119682f elementor-align-center de_scroll_animation_no elementor-widget elementor-widget-button\" data-id=\"1119682f\" data-element_type=\"widget\" data-e-type=\"widget\" data-widget_type=\"button.default\">\n\t\t\t\t<div class=\"elementor-widget-container\">\n\t\t\t\t\t\t\t\t\t<div class=\"elementor-button-wrapper\">\n\t\t\t\t\t<a class=\"elementor-button elementor-button-link elementor-size-sm\" href=\"mailto:lucie.paurova@icloud.com\">\n\t\t\t\t\t\t<span class=\"elementor-button-content-wrapper\">\n\t\t\t\t\t\t\t\t\t<span class=\"elementor-button-text\">poslat email<\/span>\n\t\t\t\t\t<\/span>\n\t\t\t\t\t<\/a>\n\t\t\t\t<\/div>\n\t\t\t\t\t\t\t\t<\/div>\n\t\t\t\t<\/div>\n\t\t\t\t\t<\/div>\n\t\t<\/div>\n\t\t\t\t\t<\/div>\n\t\t<\/section>\n\t\t\t\t<section class=\"elementor-section elementor-top-section elementor-element elementor-element-2cd7c08e elementor-section-full_width elementor-section-height-default elementor-section-height-default\" data-id=\"2cd7c08e\" data-element_type=\"section\" data-e-type=\"section\">\n\t\t\t\t\t\t<div class=\"elementor-container elementor-column-gap-default\">\n\t\t\t\t\t<div class=\"elementor-column elementor-col-100 elementor-top-column elementor-element elementor-element-761f0b6e\" data-id=\"761f0b6e\" data-element_type=\"column\" data-e-type=\"column\">\n\t\t\t<div class=\"elementor-widget-wrap elementor-element-populated\">\n\t\t\t\t\t\t<div class=\"elementor-element elementor-element-34279d6d de_scroll_animation_no elementor-widget elementor-widget-google_maps\" data-id=\"34279d6d\" data-element_type=\"widget\" data-e-type=\"widget\" data-widget_type=\"google_maps.default\">\n\t\t\t\t<div class=\"elementor-widget-container\">\n\t\t\t\t\t\t\t<div class=\"elementor-custom-embed\">\n\t\t\t<iframe loading=\"lazy\"\n\t\t\t\t\tsrc=\"https:\/\/maps.google.com\/maps?q=Wilsonova%20521%2F2%20Slan%C3%BD&#038;t=m&#038;z=19&#038;output=embed&#038;iwloc=near\"\n\t\t\t\t\ttitle=\"Wilsonova 521\/2 Slan\u00fd\"\n\t\t\t\t\taria-label=\"Wilsonova 521\/2 Slan\u00fd\"\n\t\t\t><\/iframe>\n\t\t<\/div>\n\t\t\t\t\t\t<\/div>\n\t\t\t\t<\/div>\n\t\t\t\t\t<\/div>\n\t\t<\/div>\n\t\t\t\t\t<\/div>\n\t\t<\/section>\n\t\t\t\t<\/div>\n\t\t","protected":false},"excerpt":{"rendered":"<p>Kde m\u011b najdete S klienty se potk\u00e1v\u00e1m osobn\u011b i online.Vedle terapeutick\u00e9 pr\u00e1ce m\u011b m\u016f\u017eete sly\u0161et v podcastu V Hlav\u011b klid, vid\u011bt v rozhovorech a vide\u00edch nebo \u010d\u00edst na blogu, kde sd\u00edl\u00edm t\u00e9mata psychologie, t\u011bla a ka\u017edodenn\u00edho pro\u017e\u00edv\u00e1n\u00ed. DVTV ve spolupr\u00e1ci s projektem T\u011blo s p\u0159\u00edb\u011bhem, na t\u00e9ma psychick\u00e9 pohody po porodu a fyzik\u00fdch zm\u011bn\u00e1ch.\u00a0 Sama [&hellip;]<\/p>\n","protected":false},"author":1,"featured_media":0,"parent":0,"menu_order":0,"comment_status":"closed","ping_status":"closed","template":"","meta":{"footnotes":""},"class_list":["post-1578","page","type-page","status-publish","hentry"],"_links":{"self":[{"href":"https:\/\/www.luciepaurova.cz\/index.php\/wp-json\/wp\/v2\/pages\/1578","targetHints":{"allow":["GET"]}}],"collection":[{"href":"https:\/\/www.luciepaurova.cz\/index.php\/wp-json\/wp\/v2\/pages"}],"about":[{"href":"https:\/\/www.luciepaurova.cz\/index.php\/wp-json\/wp\/v2\/types\/page"}],"author":[{"embeddable":true,"href":"https:\/\/www.luciepaurova.cz\/index.php\/wp-json\/wp\/v2\/users\/1"}],"replies":[{"embeddable":true,"href":"https:\/\/www.luciepaurova.cz\/index.php\/wp-json\/wp\/v2\/comments?post=1578"}],"version-history":[{"count":16,"href":"https:\/\/www.luciepaurova.cz\/index.php\/wp-json\/wp\/v2\/pages\/1578\/revisions"}],"predecessor-version":[{"id":2181,"href":"https:\/\/www.luciepaurova.cz\/index.php\/wp-json\/wp\/v2\/pages\/1578\/revisions\/2181"}],"wp:attachment":[{"href":"https:\/\/www.luciepaurova.cz\/index.php\/wp-json\/wp\/v2\/media?parent=1578"}],"curies":[{"name":"wp","href":"https:\/\/api.w.org\/{rel}","templated":true}]}}